{"id":208,"date":"2020-07-15T22:06:56","date_gmt":"2020-07-15T22:06:56","guid":{"rendered":"https:\/\/languagegeek.com\/lgwp\/?page_id=208"},"modified":"2020-07-15T22:07:06","modified_gmt":"2020-07-15T22:07:06","slug":"diidiitidq-text","status":"publish","type":"page","link":"https:\/\/languagegeek.com\/lgwp\/languages\/wakashan-languages\/diidiitidq\/diidiitidq-text\/","title":{"rendered":"Diidiitidq Text"},"content":{"rendered":"\n<p>This <a href=\"https:\/\/languagegeek.com\/lgwp\/diidiitidq\/\">Diidiitidq<\/a> excerpt is from a story told by\u00a0K\u02b7iistux\u0323\u00a0(Charlie Jones Sr.) to Bernice\u00a0Na\u0295\u0142na\u00a0Touchie in 1977. Appearing in IJAL\u2019s North West Coast Texts, it is entitled \u201cStealing Daylight\u201d. In the current orthography, initial letters are typically left un-capitalised even when beginning a sentence or in a proper noun. However, the names\u00a0K\u02b7iistux\u0323\u00a0and\u00a0Na\u0295\u0142na\u00a0have been capitalised as they appear so in the original.<\/p>\n\n\n\n<hr class=\"wp-block-separator\"\/>\n\n\n\n<p>wist\u0295eekubtuw sac\u0313iiya\u0294k. wik\u0313eet \u019b\u0313uub\u0295aat wik\u0313eet c\u0313iidax\u0323k\u02b7 \u0294i\u0161 buu\u0142uk. baqsi\u0142aawkid hideeyp ya\u0142taq\u019buwis wiiqsee\u0294aq. \u0294ax\u0323ci q\u02b7aabtuw waa\u0294aqs wik\u0313eetuw \u019b\u0313is\u0295aak sac\u0313cax\u0323taakuw wiiqsii \u0294ad\u010dii\u0142aq wik\u0313eet buu\u0142\u0161i\u019b c\u0313iidax\u0323\u0161\u019b. \u0142akaaw dubisaa\u0294tx\u0323aq haa\u0294ubaatx\u0323a\u019bquy hayaa\u0294ak \u0294uuyuq ya\u0142teeypaawquy \u0294uduu\u019b wikx\u0323q\u0294a t\u0313aaquws da\u010dii\u0142 x\u0323ayaa\u019bquy yaayaaqt\u0161aawquy ya\u0142\u0294iquy haa\u0294ubatax\u0323ees. ya\u0295i qii\u010di\u019b q\u02b7aa t\u0313apat\u0161i\u019b\u0313\u019b duudubaa\u010dx\u0323 \u0294adux\u0323saatax\u0323quy.<\/p>\n\n\n\n<p>\u201chi\u0161u, hiyo\u0294aa\u019b\u0313eedicx\u0323 q\u02b7aa daa\u010duk\u0161aa\u019b\u0313eedicx\u0323 ya\u0142taq\u0161\u019buwis wiiqsee\u0294aq yaqx\u0323iit\u0313aqad \u0142aak\u02b7ii\u0142iit yub\u0142aabt hidaa\u010d\u019b haa\u0294ubaatx\u0323. yaqx\u0323aqad c\u0313awaduk\u0161\u019baaw \u0294adee\u0294aqad dubgisaatx\u0323aqad baaduk\u02b7i\u019bquyid hiidasiyix\u0323 ya\u0142taq\u0161\u019buwis wiiqsee\u0294aq yaqict\u0313aqad \u0142aakq\u02b7adk.\u201d<\/p>\n\n\n\n<p>\u0294ayibit\u0161\u019buw c\u0313aawiduk\u0161\u019b \u0294uuc\u0313idaaqk yuwaa\u019b c\u0313awaawi\u019b\u0313\u019b t\u0313at\u0313aapt, \u201chi\u0161u, yaa\u010d\u0161\u0294a\u019b\u0313eedicx\u0323.\u201d<\/p>\n\n\n\n<p>yub\u0142\u0294aq \u010d\u0313abeyuq \u0294uduu\u019b da\u0161ukqa wiiqsii \u0294aadsas \u010dabu\u0142 \u019b\u0313ii\u0294akquy. \u201cduubee dubisaatx\u0323iik duubii\u019b\u0313asuwi\u010d yaa\u010d\u0161i\u019b \u0294uu\u0294aap\u0313atu\u0142 duubquyid hidas\u019b ya\u0142taq\u0161\u019buwis wiiqsee\u0294aq.\u201d<\/p>\n","protected":false},"excerpt":{"rendered":"<p>This Diidiitidq excerpt is from a story told by\u00a0K\u02b7iistux\u0323\u00a0(Charlie Jones Sr.) to Bernice\u00a0Na\u0295\u0142na\u00a0Touchie in 1977. Appearing in IJAL\u2019s North West Coast Texts, it is entitled \u201cStealing Daylight\u201d. In the current orthography, initial letters are typically left un-capitalised even when beginning a sentence or in a proper noun. However, the names\u00a0K\u02b7iistux\u0323\u00a0and\u00a0Na\u0295\u0142na\u00a0have been capitalised as they appear [&hellip;]<\/p>\n","protected":false},"author":1,"featured_media":0,"parent":203,"menu_order":0,"comment_status":"closed","ping_status":"closed","template":"","meta":{"footnotes":""},"tags":[5,7],"class_list":["post-208","page","type-page","status-publish","hentry","tag-text","tag-wakashan"],"_links":{"self":[{"href":"https:\/\/languagegeek.com\/lgwp\/wp-json\/wp\/v2\/pages\/208","targetHints":{"allow":["GET"]}}],"collection":[{"href":"https:\/\/languagegeek.com\/lgwp\/wp-json\/wp\/v2\/pages"}],"about":[{"href":"https:\/\/languagegeek.com\/lgwp\/wp-json\/wp\/v2\/types\/page"}],"author":[{"embeddable":true,"href":"https:\/\/languagegeek.com\/lgwp\/wp-json\/wp\/v2\/users\/1"}],"replies":[{"embeddable":true,"href":"https:\/\/languagegeek.com\/lgwp\/wp-json\/wp\/v2\/comments?post=208"}],"version-history":[{"count":1,"href":"https:\/\/languagegeek.com\/lgwp\/wp-json\/wp\/v2\/pages\/208\/revisions"}],"predecessor-version":[{"id":213,"href":"https:\/\/languagegeek.com\/lgwp\/wp-json\/wp\/v2\/pages\/208\/revisions\/213"}],"up":[{"embeddable":true,"href":"https:\/\/languagegeek.com\/lgwp\/wp-json\/wp\/v2\/pages\/203"}],"wp:attachment":[{"href":"https:\/\/languagegeek.com\/lgwp\/wp-json\/wp\/v2\/media?parent=208"}],"wp:term":[{"taxonomy":"post_tag","embeddable":true,"href":"https:\/\/languagegeek.com\/lgwp\/wp-json\/wp\/v2\/tags?post=208"}],"curies":[{"name":"wp","href":"https:\/\/api.w.org\/{rel}","templated":true}]}}